{"id":1069,"date":"2023-03-08T06:34:34","date_gmt":"2023-03-08T06:34:34","guid":{"rendered":"https:\/\/completei.es\/?page_id=1069"},"modified":"2023-06-12T05:30:37","modified_gmt":"2023-06-12T05:30:37","slug":"unete-al-equipo","status":"publish","type":"page","link":"https:\/\/completei.es\/index.php\/unete-al-equipo\/","title":{"rendered":"<strong>UNETE AL EQUIPO<\/strong>"},"content":{"rendered":"\t\t<div data-elementor-type=\"wp-page\" data-elementor-id=\"1069\" class=\"elementor elementor-1069\">\n\t\t\t\t\t\t<section class=\"elementor-section elementor-top-section elementor-element elementor-element-5219ba3 elementor-section-boxed elementor-section-height-default elementor-section-height-default\" data-id=\"5219ba3\" data-element_type=\"section\" data-e-type=\"section\" data-settings=\"{&quot;background_background&quot;:&quot;classic&quot;}\">\n\t\t\t\t\t\t\t<div class=\"elementor-background-overlay\"><\/div>\n\t\t\t\t\t\t\t<div class=\"elementor-container elementor-column-gap-default\">\n\t\t\t\t\t<div class=\"elementor-column elementor-col-100 elementor-top-column elementor-element elementor-element-6abe3ed\" data-id=\"6abe3ed\" data-element_type=\"column\" data-e-type=\"column\">\n\t\t\t<div class=\"elementor-widget-wrap elementor-element-populated\">\n\t\t\t\t\t\t<div class=\"elementor-element elementor-element-cfc469e elementor-widget elementor-widget-heading\" data-id=\"cfc469e\" data-element_type=\"widget\" data-e-type=\"widget\" data-widget_type=\"heading.default\">\n\t\t\t\t<div class=\"elementor-widget-container\">\n\t\t\t\t\t<h1 class=\"elementor-heading-title elementor-size-default\">\u00a1HAY UN ESPACIO PARA TI!\n<\/h1>\t\t\t\t<\/div>\n\t\t\t\t<\/div>\n\t\t\t\t<div class=\"elementor-element elementor-element-595bcff elementor-widget elementor-widget-text-editor\" data-id=\"595bcff\" data-element_type=\"widget\" data-e-type=\"widget\" data-widget_type=\"text-editor.default\">\n\t\t\t\t<div class=\"elementor-widget-container\">\n\t\t\t\t\t\t\t\t\t<h2 style=\"text-align: center;\"><span style=\"color: #ffffff;\">&#8220;Descubre com\u00f3 puedes involucrarte con Complete\u201d<\/span><\/h2>\t\t\t\t\t\t\t\t<\/div>\n\t\t\t\t<\/div>\n\t\t\t\t\t<\/div>\n\t\t<\/div>\n\t\t\t\t\t<\/div>\n\t\t<\/section>\n\t\t\t\t<section class=\"elementor-section elementor-top-section elementor-element elementor-element-fb98147 elementor-reverse-mobile elementor-section-boxed elementor-section-height-default elementor-section-height-default\" data-id=\"fb98147\" data-element_type=\"section\" data-e-type=\"section\">\n\t\t\t\t\t\t<div class=\"elementor-container elementor-column-gap-no\">\n\t\t\t\t\t<div class=\"elementor-column elementor-col-100 elementor-top-column elementor-element elementor-element-fc1f4de\" data-id=\"fc1f4de\" data-element_type=\"column\" data-e-type=\"column\">\n\t\t\t<div class=\"elementor-widget-wrap elementor-element-populated\">\n\t\t\t\t\t\t<div class=\"elementor-element elementor-element-2997427 elementor-widget elementor-widget-text-editor\" data-id=\"2997427\" data-element_type=\"widget\" data-e-type=\"widget\" data-widget_type=\"text-editor.default\">\n\t\t\t\t<div class=\"elementor-widget-container\">\n\t\t\t\t\t\t\t\t\t<h1 style=\"text-align: center;\">Ven y Completemos una persona a la vez<\/h1><h4 style=\"text-align: center;\"><i><span style=\"font-weight: 400;\">Existen diferentes formas en las cuales puedes ser parte de Complete International. Te invitamos a explorar cu\u00e1l es la que m\u00e1s se ajusta a ti y tu organizaci\u00f3n.<\/span><\/i><\/h4>\t\t\t\t\t\t\t\t<\/div>\n\t\t\t\t<\/div>\n\t\t\t\t\t<\/div>\n\t\t<\/div>\n\t\t\t\t\t<\/div>\n\t\t<\/section>\n\t\t\t\t<section class=\"elementor-section elementor-top-section elementor-element elementor-element-febcf7b elementor-section-boxed elementor-section-height-default elementor-section-height-default\" data-id=\"febcf7b\" data-element_type=\"section\" data-e-type=\"section\" id=\"soluciones\">\n\t\t\t\t\t\t<div class=\"elementor-container elementor-column-gap-default\">\n\t\t\t\t\t<div class=\"elementor-column elementor-col-50 elementor-top-column elementor-element elementor-element-51c3c3b\" data-id=\"51c3c3b\" data-element_type=\"column\" data-e-type=\"column\">\n\t\t\t<div class=\"elementor-widget-wrap elementor-element-populated\">\n\t\t\t\t\t\t<div class=\"elementor-element elementor-element-b8ec32e elementor-widget elementor-widget-image\" data-id=\"b8ec32e\" data-element_type=\"widget\" data-e-type=\"widget\" data-widget_type=\"image.default\">\n\t\t\t\t<div class=\"elementor-widget-container\">\n\t\t\t\t\t\t\t\t\t\t\t\t\t\t\t<img fetchpriority=\"high\" decoding=\"async\" width=\"1024\" height=\"1024\" src=\"https:\/\/completei.es\/wp-content\/uploads\/2023\/06\/Copy-oUnete-Individualmente-ComoEMBAJADOR-1024x1024.png\" class=\"attachment-large size-large wp-image-1801\" alt=\"\" srcset=\"https:\/\/completei.es\/wp-content\/uploads\/2023\/06\/Copy-oUnete-Individualmente-ComoEMBAJADOR-1024x1024.png 1024w, https:\/\/completei.es\/wp-content\/uploads\/2023\/06\/Copy-oUnete-Individualmente-ComoEMBAJADOR-200x200.png 200w, https:\/\/completei.es\/wp-content\/uploads\/2023\/06\/Copy-oUnete-Individualmente-ComoEMBAJADOR-100x100.png 100w, https:\/\/completei.es\/wp-content\/uploads\/2023\/06\/Copy-oUnete-Individualmente-ComoEMBAJADOR-600x600.png 600w, https:\/\/completei.es\/wp-content\/uploads\/2023\/06\/Copy-oUnete-Individualmente-ComoEMBAJADOR-300x300.png 300w, https:\/\/completei.es\/wp-content\/uploads\/2023\/06\/Copy-oUnete-Individualmente-ComoEMBAJADOR-150x150.png 150w, https:\/\/completei.es\/wp-content\/uploads\/2023\/06\/Copy-oUnete-Individualmente-ComoEMBAJADOR-768x768.png 768w, https:\/\/completei.es\/wp-content\/uploads\/2023\/06\/Copy-oUnete-Individualmente-ComoEMBAJADOR.png 1181w\" sizes=\"(max-width: 1024px) 100vw, 1024px\" \/>\t\t\t\t\t\t\t\t\t\t\t\t\t\t\t<\/div>\n\t\t\t\t<\/div>\n\t\t\t\t\t<\/div>\n\t\t<\/div>\n\t\t\t\t<div class=\"elementor-column elementor-col-50 elementor-top-column elementor-element elementor-element-119642a\" data-id=\"119642a\" data-element_type=\"column\" data-e-type=\"column\">\n\t\t\t<div class=\"elementor-widget-wrap elementor-element-populated\">\n\t\t\t\t\t\t<div class=\"elementor-element elementor-element-70aca73 elementor-widget elementor-widget-heading\" data-id=\"70aca73\" data-element_type=\"widget\" data-e-type=\"widget\" data-widget_type=\"heading.default\">\n\t\t\t\t<div class=\"elementor-widget-container\">\n\t\t\t\t\t<h1 class=\"elementor-heading-title elementor-size-default\">\u00danete Individualmente como:<b>EMBAJADOR<\/b><\/h1>\t\t\t\t<\/div>\n\t\t\t\t<\/div>\n\t\t\t\t<div class=\"elementor-element elementor-element-a59126d elementor-widget elementor-widget-text-editor\" data-id=\"a59126d\" data-element_type=\"widget\" data-e-type=\"widget\" data-widget_type=\"text-editor.default\">\n\t\t\t\t<div class=\"elementor-widget-container\">\n\t\t\t\t\t\t\t\t\t<p><span style=\"font-weight: 400;\">El Club de Embajadores es una salida para aquellas personas que est\u00e1n llamadas y equipadas para financiar la misi\u00f3n de Complete International y dejar un legado. El Club de embajadores sirve COMPLETE INTERNACIONAL con donaciones econ\u00f3micas.<\/span><\/p>\t\t\t\t\t\t\t\t<\/div>\n\t\t\t\t<\/div>\n\t\t\t\t<div class=\"elementor-element elementor-element-0236ada elementor-widget elementor-widget-button\" data-id=\"0236ada\" data-element_type=\"widget\" data-e-type=\"widget\" data-widget_type=\"button.default\">\n\t\t\t\t<div class=\"elementor-widget-container\">\n\t\t\t\t\t\t\t\t\t<div class=\"elementor-button-wrapper\">\n\t\t\t\t\t<a class=\"elementor-button elementor-button-link elementor-size-sm\" href=\"https:\/\/completei.es\/index.php\/club-embajadores\/\">\n\t\t\t\t\t\t<span class=\"elementor-button-content-wrapper\">\n\t\t\t\t\t\t\t\t\t<span class=\"elementor-button-text\">CONVIERTETE EN UN EMBAJADOR<\/span>\n\t\t\t\t\t<\/span>\n\t\t\t\t\t<\/a>\n\t\t\t\t<\/div>\n\t\t\t\t\t\t\t\t<\/div>\n\t\t\t\t<\/div>\n\t\t\t\t\t<\/div>\n\t\t<\/div>\n\t\t\t\t\t<\/div>\n\t\t<\/section>\n\t\t\t\t<section class=\"elementor-section elementor-top-section elementor-element elementor-element-0b5f60d elementor-section-boxed elementor-section-height-default elementor-section-height-default\" data-id=\"0b5f60d\" data-element_type=\"section\" data-e-type=\"section\">\n\t\t\t\t\t\t<div class=\"elementor-container elementor-column-gap-default\">\n\t\t\t\t\t<div class=\"elementor-column elementor-col-50 elementor-top-column elementor-element elementor-element-117cf56\" data-id=\"117cf56\" data-element_type=\"column\" data-e-type=\"column\">\n\t\t\t<div class=\"elementor-widget-wrap elementor-element-populated\">\n\t\t\t\t\t\t<div class=\"elementor-element elementor-element-714c26a elementor-widget elementor-widget-heading\" data-id=\"714c26a\" data-element_type=\"widget\" data-e-type=\"widget\" data-widget_type=\"heading.default\">\n\t\t\t\t<div class=\"elementor-widget-container\">\n\t\t\t\t\t<h1 class=\"elementor-heading-title elementor-size-default\">\u00danete como grupo u Organizaci\u00f3n:<b>CATALIZADOR<\/b><\/h1>\t\t\t\t<\/div>\n\t\t\t\t<\/div>\n\t\t\t\t<div class=\"elementor-element elementor-element-80d81d8 elementor-widget elementor-widget-text-editor\" data-id=\"80d81d8\" data-element_type=\"widget\" data-e-type=\"widget\" data-widget_type=\"text-editor.default\">\n\t\t\t\t<div class=\"elementor-widget-container\">\n\t\t\t\t\t\t\t\t\t<p><span style=\"font-weight: 400;\">El Club de Catalizadores es un medio integrado por un grupo de empresas y organizaciones privadas que quieren y est\u00e1n generando una transformaci\u00f3n positiva en los diferentes n\u00facleos de influencia, uniendo as\u00ed sus esfuerzos con la filosof\u00eda de COMPLETE INTERNACIONAL, invirtiendo econ\u00f3micamente.\u00a0<\/span><\/p>\t\t\t\t\t\t\t\t<\/div>\n\t\t\t\t<\/div>\n\t\t\t\t<div class=\"elementor-element elementor-element-96ac2ac elementor-widget elementor-widget-button\" data-id=\"96ac2ac\" data-element_type=\"widget\" data-e-type=\"widget\" data-widget_type=\"button.default\">\n\t\t\t\t<div class=\"elementor-widget-container\">\n\t\t\t\t\t\t\t\t\t<div class=\"elementor-button-wrapper\">\n\t\t\t\t\t<a class=\"elementor-button elementor-button-link elementor-size-sm\" href=\"https:\/\/completei.es\/index.php\/club-catalizadores\/\">\n\t\t\t\t\t\t<span class=\"elementor-button-content-wrapper\">\n\t\t\t\t\t\t\t\t\t<span class=\"elementor-button-text\">UNETE A LAS ORGANIZACIONES CATALIZADORAS<\/span>\n\t\t\t\t\t<\/span>\n\t\t\t\t\t<\/a>\n\t\t\t\t<\/div>\n\t\t\t\t\t\t\t\t<\/div>\n\t\t\t\t<\/div>\n\t\t\t\t\t<\/div>\n\t\t<\/div>\n\t\t\t\t<div class=\"elementor-column elementor-col-50 elementor-top-column elementor-element elementor-element-3da495e\" data-id=\"3da495e\" data-element_type=\"column\" data-e-type=\"column\">\n\t\t\t<div class=\"elementor-widget-wrap elementor-element-populated\">\n\t\t\t\t\t\t<div class=\"elementor-element elementor-element-03aaedb elementor-widget elementor-widget-image\" data-id=\"03aaedb\" data-element_type=\"widget\" data-e-type=\"widget\" data-widget_type=\"image.default\">\n\t\t\t\t<div class=\"elementor-widget-container\">\n\t\t\t\t\t\t\t\t\t\t\t\t\t\t\t<img decoding=\"async\" width=\"1024\" height=\"1024\" src=\"https:\/\/completei.es\/wp-content\/uploads\/2023\/06\/Unete-Como-Grupo-U-OrganizacionCATALIZADOR-1024x1024.png\" class=\"attachment-large size-large wp-image-1802\" alt=\"\" srcset=\"https:\/\/completei.es\/wp-content\/uploads\/2023\/06\/Unete-Como-Grupo-U-OrganizacionCATALIZADOR-1024x1024.png 1024w, https:\/\/completei.es\/wp-content\/uploads\/2023\/06\/Unete-Como-Grupo-U-OrganizacionCATALIZADOR-200x200.png 200w, https:\/\/completei.es\/wp-content\/uploads\/2023\/06\/Unete-Como-Grupo-U-OrganizacionCATALIZADOR-100x100.png 100w, https:\/\/completei.es\/wp-content\/uploads\/2023\/06\/Unete-Como-Grupo-U-OrganizacionCATALIZADOR-600x600.png 600w, https:\/\/completei.es\/wp-content\/uploads\/2023\/06\/Unete-Como-Grupo-U-OrganizacionCATALIZADOR-300x300.png 300w, https:\/\/completei.es\/wp-content\/uploads\/2023\/06\/Unete-Como-Grupo-U-OrganizacionCATALIZADOR-150x150.png 150w, https:\/\/completei.es\/wp-content\/uploads\/2023\/06\/Unete-Como-Grupo-U-OrganizacionCATALIZADOR-768x768.png 768w, https:\/\/completei.es\/wp-content\/uploads\/2023\/06\/Unete-Como-Grupo-U-OrganizacionCATALIZADOR.png 1181w\" sizes=\"(max-width: 1024px) 100vw, 1024px\" \/>\t\t\t\t\t\t\t\t\t\t\t\t\t\t\t<\/div>\n\t\t\t\t<\/div>\n\t\t\t\t\t<\/div>\n\t\t<\/div>\n\t\t\t\t\t<\/div>\n\t\t<\/section>\n\t\t\t\t<section class=\"elementor-section elementor-top-section elementor-element elementor-element-jn1irbc elementor-section-content-middle elementor-section-boxed elementor-section-height-default elementor-section-height-default\" data-id=\"jn1irbc\" data-element_type=\"section\" data-e-type=\"section\" data-settings=\"{&quot;background_background&quot;:&quot;classic&quot;}\">\n\t\t\t\t\t\t\t<div class=\"elementor-background-overlay\"><\/div>\n\t\t\t\t\t\t\t<div class=\"elementor-container elementor-column-gap-wide\">\n\t\t\t\t\t<div class=\"elementor-column elementor-col-50 elementor-top-column elementor-element elementor-element-b262852\" data-id=\"b262852\" data-element_type=\"column\" data-e-type=\"column\">\n\t\t\t<div class=\"elementor-widget-wrap elementor-element-populated\">\n\t\t\t\t\t\t<div class=\"elementor-element elementor-element-9f71ed4 elementor-widget elementor-widget-image\" data-id=\"9f71ed4\" data-element_type=\"widget\" data-e-type=\"widget\" data-widget_type=\"image.default\">\n\t\t\t\t<div class=\"elementor-widget-container\">\n\t\t\t\t\t\t\t\t\t\t\t\t\t\t\t<img decoding=\"async\" width=\"1024\" height=\"1024\" src=\"https:\/\/completei.es\/wp-content\/uploads\/2023\/06\/Unete-Siendo-Parte-De-Nuestro-Equipo-De-Voluntarios-COMPLETE-TEAM-1024x1024.png\" class=\"attachment-large size-large wp-image-1803\" alt=\"\" srcset=\"https:\/\/completei.es\/wp-content\/uploads\/2023\/06\/Unete-Siendo-Parte-De-Nuestro-Equipo-De-Voluntarios-COMPLETE-TEAM-1024x1024.png 1024w, https:\/\/completei.es\/wp-content\/uploads\/2023\/06\/Unete-Siendo-Parte-De-Nuestro-Equipo-De-Voluntarios-COMPLETE-TEAM-200x200.png 200w, https:\/\/completei.es\/wp-content\/uploads\/2023\/06\/Unete-Siendo-Parte-De-Nuestro-Equipo-De-Voluntarios-COMPLETE-TEAM-100x100.png 100w, https:\/\/completei.es\/wp-content\/uploads\/2023\/06\/Unete-Siendo-Parte-De-Nuestro-Equipo-De-Voluntarios-COMPLETE-TEAM-600x600.png 600w, https:\/\/completei.es\/wp-content\/uploads\/2023\/06\/Unete-Siendo-Parte-De-Nuestro-Equipo-De-Voluntarios-COMPLETE-TEAM-300x300.png 300w, https:\/\/completei.es\/wp-content\/uploads\/2023\/06\/Unete-Siendo-Parte-De-Nuestro-Equipo-De-Voluntarios-COMPLETE-TEAM-150x150.png 150w, https:\/\/completei.es\/wp-content\/uploads\/2023\/06\/Unete-Siendo-Parte-De-Nuestro-Equipo-De-Voluntarios-COMPLETE-TEAM-768x768.png 768w, https:\/\/completei.es\/wp-content\/uploads\/2023\/06\/Unete-Siendo-Parte-De-Nuestro-Equipo-De-Voluntarios-COMPLETE-TEAM.png 1181w\" sizes=\"(max-width: 1024px) 100vw, 1024px\" \/>\t\t\t\t\t\t\t\t\t\t\t\t\t\t\t<\/div>\n\t\t\t\t<\/div>\n\t\t\t\t\t<\/div>\n\t\t<\/div>\n\t\t\t\t<div class=\"elementor-column elementor-col-50 elementor-top-column elementor-element elementor-element-e9f9e82\" data-id=\"e9f9e82\" data-element_type=\"column\" data-e-type=\"column\">\n\t\t\t<div class=\"elementor-widget-wrap elementor-element-populated\">\n\t\t\t\t\t\t<div class=\"elementor-element elementor-element-7dff79f elementor-widget elementor-widget-heading\" data-id=\"7dff79f\" data-element_type=\"widget\" data-e-type=\"widget\" data-widget_type=\"heading.default\">\n\t\t\t\t<div class=\"elementor-widget-container\">\n\t\t\t\t\t<h1 class=\"elementor-heading-title elementor-size-default\">\n\u00danete Siendo parte de nuestro equipo de Voluntarios: <b>COMPLETE TEAM<\/b>\n<\/h1>\t\t\t\t<\/div>\n\t\t\t\t<\/div>\n\t\t\t\t<div class=\"elementor-element elementor-element-13630cb elementor-widget elementor-widget-text-editor\" data-id=\"13630cb\" data-element_type=\"widget\" data-e-type=\"widget\" data-widget_type=\"text-editor.default\">\n\t\t\t\t<div class=\"elementor-widget-container\">\n\t\t\t\t\t\t\t\t\t<p><span style=\"font-weight: 400;\">Es un grupo de personas que han descubierto sus fortalezas, pasi\u00f3n y \u00e1rea de influencia, por lo que se encuentran sirviendo activamente en \u00e9l; desarrollar, servir, liderar y agregar valor a los dem\u00e1s de diferentes maneras. <\/span><\/p>\t\t\t\t\t\t\t\t<\/div>\n\t\t\t\t<\/div>\n\t\t\t\t<div class=\"elementor-element elementor-element-9e0e8fe elementor-widget elementor-widget-button\" data-id=\"9e0e8fe\" data-element_type=\"widget\" data-e-type=\"widget\" data-widget_type=\"button.default\">\n\t\t\t\t<div class=\"elementor-widget-container\">\n\t\t\t\t\t\t\t\t\t<div class=\"elementor-button-wrapper\">\n\t\t\t\t\t<a class=\"elementor-button elementor-button-link elementor-size-sm\" href=\"https:\/\/completei.es\/index.php\/complete-team\/\">\n\t\t\t\t\t\t<span class=\"elementor-button-content-wrapper\">\n\t\t\t\t\t\t\t\t\t<span class=\"elementor-button-text\">UNITE AL EQUIPO<\/span>\n\t\t\t\t\t<\/span>\n\t\t\t\t\t<\/a>\n\t\t\t\t<\/div>\n\t\t\t\t\t\t\t\t<\/div>\n\t\t\t\t<\/div>\n\t\t\t\t\t<\/div>\n\t\t<\/div>\n\t\t\t\t\t<\/div>\n\t\t<\/section>\n\t\t\t\t<section class=\"elementor-section elementor-top-section elementor-element elementor-element-we3noxc elementor-section-content-middle elementor-section-boxed elementor-section-height-default elementor-section-height-default\" data-id=\"we3noxc\" data-element_type=\"section\" data-e-type=\"section\" data-settings=\"{&quot;background_background&quot;:&quot;classic&quot;}\">\n\t\t\t\t\t\t\t<div class=\"elementor-background-overlay\"><\/div>\n\t\t\t\t\t\t\t<div class=\"elementor-container elementor-column-gap-no\">\n\t\t\t\t\t<div class=\"elementor-column elementor-col-50 elementor-top-column elementor-element elementor-element-957c1a9\" data-id=\"957c1a9\" data-element_type=\"column\" data-e-type=\"column\">\n\t\t\t<div class=\"elementor-widget-wrap elementor-element-populated\">\n\t\t\t\t\t\t<div class=\"elementor-element elementor-element-fd47f1d elementor-widget elementor-widget-image\" data-id=\"fd47f1d\" data-element_type=\"widget\" data-e-type=\"widget\" data-widget_type=\"image.default\">\n\t\t\t\t<div class=\"elementor-widget-container\">\n\t\t\t\t\t\t\t\t\t\t\t\t\t\t\t<img loading=\"lazy\" decoding=\"async\" width=\"600\" height=\"400\" src=\"https:\/\/completei.es\/wp-content\/uploads\/2023\/06\/Unete-a-nuestras-iniciativas.png\" class=\"attachment-full size-full wp-image-1805\" alt=\"\" srcset=\"https:\/\/completei.es\/wp-content\/uploads\/2023\/06\/Unete-a-nuestras-iniciativas.png 600w, https:\/\/completei.es\/wp-content\/uploads\/2023\/06\/Unete-a-nuestras-iniciativas-300x200.png 300w\" sizes=\"(max-width: 600px) 100vw, 600px\" \/>\t\t\t\t\t\t\t\t\t\t\t\t\t\t\t<\/div>\n\t\t\t\t<\/div>\n\t\t\t\t\t<\/div>\n\t\t<\/div>\n\t\t\t\t<div class=\"elementor-column elementor-col-50 elementor-top-column elementor-element elementor-element-75109e3\" data-id=\"75109e3\" data-element_type=\"column\" data-e-type=\"column\">\n\t\t\t<div class=\"elementor-widget-wrap elementor-element-populated\">\n\t\t\t\t\t\t<div class=\"elementor-element elementor-element-0806230 elementor-widget elementor-widget-heading\" data-id=\"0806230\" data-element_type=\"widget\" data-e-type=\"widget\" data-widget_type=\"heading.default\">\n\t\t\t\t<div class=\"elementor-widget-container\">\n\t\t\t\t\t<h2 class=\"elementor-heading-title elementor-size-default\">\u00danete a nuestras: <b> INICIATIVAS<\/b><\/h2>\t\t\t\t<\/div>\n\t\t\t\t<\/div>\n\t\t\t\t<div class=\"elementor-element elementor-element-27a622b elementor-widget elementor-widget-text-editor\" data-id=\"27a622b\" data-element_type=\"widget\" data-e-type=\"widget\" data-widget_type=\"text-editor.default\">\n\t\t\t\t<div class=\"elementor-widget-container\">\n\t\t\t\t\t\t\t\t\t<p><span style=\"font-weight: 400;\">Todo cambio positivo es posible, nutriendo una persona a la vez.\u00a0 En el mundo toda iniciativa positiva comenz\u00f3 con un creador de cambios como t\u00fa que dieron el primer paso.\u00a0<\/span><\/p><p><span style=\"font-weight: 400;\">En Complete International, brindamos recursos gratuitos financiados por donantes para ayudar a transformar la nueva generaci\u00f3n de ni\u00f1os y j\u00f3venes , sus familias, escuelas, organizaciones, sus comunidad e incluso a todo su pa\u00eds. Creemos que juntos, un paso a la vez, realmente podemos cambiar el mundo para mejor.<\/span><\/p>\t\t\t\t\t\t\t\t<\/div>\n\t\t\t\t<\/div>\n\t\t\t\t<div class=\"elementor-element elementor-element-0e36f57 elementor-align-center elementor-widget elementor-widget-button\" data-id=\"0e36f57\" data-element_type=\"widget\" data-e-type=\"widget\" data-widget_type=\"button.default\">\n\t\t\t\t<div class=\"elementor-widget-container\">\n\t\t\t\t\t\t\t\t\t<div class=\"elementor-button-wrapper\">\n\t\t\t\t\t<a class=\"elementor-button elementor-button-link elementor-size-sm\" href=\"https:\/\/completei.es\/index.php\/apoya-nuestras-iniciativas\">\n\t\t\t\t\t\t<span class=\"elementor-button-content-wrapper\">\n\t\t\t\t\t\t\t\t\t<span class=\"elementor-button-text\">CONOCE NUESTRAS INICIATIVAS<\/span>\n\t\t\t\t\t<\/span>\n\t\t\t\t\t<\/a>\n\t\t\t\t<\/div>\n\t\t\t\t\t\t\t\t<\/div>\n\t\t\t\t<\/div>\n\t\t\t\t\t<\/div>\n\t\t<\/div>\n\t\t\t\t\t<\/div>\n\t\t<\/section>\n\t\t\t\t<\/div>\n\t\t","protected":false},"excerpt":{"rendered":"<p>\u00a1HAY UN ESPACIO PARA TI! &#8220;Descubre com\u00f3 puedes involucrarte con Complete\u201d Ven y Completemos una persona a la vez Existen diferentes formas en las cuales puedes ser parte de Complete International. Te invitamos a explorar cu\u00e1l es la que m\u00e1s se ajusta a ti y tu organizaci\u00f3n. \u00danete Individualmente como:EMBAJADOR El Club de Embajadores es [&hellip;]<\/p>\n","protected":false},"author":1,"featured_media":0,"parent":0,"menu_order":0,"comment_status":"closed","ping_status":"closed","template":"","meta":{"_monsterinsights_skip_tracking":false,"_monsterinsights_sitenote_active":false,"_monsterinsights_sitenote_note":"","_monsterinsights_sitenote_category":0,"site-sidebar-layout":"no-sidebar","site-content-layout":"page-builder","ast-site-content-layout":"default","site-content-style":"default","site-sidebar-style":"default","ast-global-header-display":"","ast-banner-title-visibility":"","ast-main-header-display":"","ast-hfb-above-header-display":"","ast-hfb-below-header-display":"","ast-hfb-mobile-header-display":"","site-post-title":"disabled","ast-breadcrumbs-content":"","ast-featured-img":"disabled","footer-sml-layout":"","ast-disable-related-posts":"","theme-transparent-header-meta":"","adv-header-id-meta":"","stick-header-meta":"","header-above-stick-meta":"","header-main-stick-meta":"","header-below-stick-meta":"","astra-migrate-meta-layouts":"default","ast-page-background-enabled":"default","ast-page-background-meta":{"desktop":{"background-color":"","background-image":"","background-repeat":"repeat","background-position":"center center","background-size":"auto","background-attachment":"scroll","background-type":"","background-media":"","overlay-type":"","overlay-color":"","overlay-opacity":"","overlay-gradient":""},"tablet":{"background-color":"","background-image":"","background-repeat":"repeat","background-position":"center center","background-size":"auto","background-attachment":"scroll","background-type":"","background-media":"","overlay-type":"","overlay-color":"","overlay-opacity":"","overlay-gradient":""},"mobile":{"background-color":"","background-image":"","background-repeat":"repeat","background-position":"center center","background-size":"auto","background-attachment":"scroll","background-type":"","background-media":"","overlay-type":"","overlay-color":"","overlay-opacity":"","overlay-gradient":""}},"ast-content-background-meta":{"desktop":{"background-color":"var(--ast-global-color-5)","background-image":"","background-repeat":"repeat","background-position":"center center","background-size":"auto","background-attachment":"scroll","background-type":"","background-media":"","overlay-type":"","overlay-color":"","overlay-opacity":"","overlay-gradient":""},"tablet":{"background-color":"var(--ast-global-color-5)","background-image":"","background-repeat":"repeat","background-position":"center center","background-size":"auto","background-attachment":"scroll","background-type":"","background-media":"","overlay-type":"","overlay-color":"","overlay-opacity":"","overlay-gradient":""},"mobile":{"background-color":"var(--ast-global-color-5)","background-image":"","background-repeat":"repeat","background-position":"center center","background-size":"auto","background-attachment":"scroll","background-type":"","background-media":"","overlay-type":"","overlay-color":"","overlay-opacity":"","overlay-gradient":""}},"footnotes":""},"class_list":["post-1069","page","type-page","status-publish","hentry"],"_hostinger_reach_plugin_has_subscription_block":false,"_hostinger_reach_plugin_is_elementor":false,"_links":{"self":[{"href":"https:\/\/completei.es\/index.php\/wp-json\/wp\/v2\/pages\/1069","targetHints":{"allow":["GET"]}}],"collection":[{"href":"https:\/\/completei.es\/index.php\/wp-json\/wp\/v2\/pages"}],"about":[{"href":"https:\/\/completei.es\/index.php\/wp-json\/wp\/v2\/types\/page"}],"author":[{"embeddable":true,"href":"https:\/\/completei.es\/index.php\/wp-json\/wp\/v2\/users\/1"}],"replies":[{"embeddable":true,"href":"https:\/\/completei.es\/index.php\/wp-json\/wp\/v2\/comments?post=1069"}],"version-history":[{"count":22,"href":"https:\/\/completei.es\/index.php\/wp-json\/wp\/v2\/pages\/1069\/revisions"}],"predecessor-version":[{"id":1808,"href":"https:\/\/completei.es\/index.php\/wp-json\/wp\/v2\/pages\/1069\/revisions\/1808"}],"wp:attachment":[{"href":"https:\/\/completei.es\/index.php\/wp-json\/wp\/v2\/media?parent=1069"}],"curies":[{"name":"wp","href":"https:\/\/api.w.org\/{rel}","templated":true}]}}